{"id":48981,"date":"2022-04-26T09:59:41","date_gmt":"2022-04-26T12:59:41","guid":{"rendered":"https:\/\/saudevianet.com.br\/blog\/?page_id=48981"},"modified":"2023-09-13T12:08:26","modified_gmt":"2023-09-13T15:08:26","slug":"mensageiro-corporativo-3","status":"publish","type":"page","link":"https:\/\/saudevianet.com.br\/blog\/mensageiro-corporativo-3\/","title":{"rendered":"Mensageiro corporativo"},"content":{"rendered":"\n<h2 class=\"wp-block-heading\">se voc\u00ea pudesse se comunicar com o seu paciente de forma f\u00e1cil, r\u00e1pida e segura?<\/h2>\n\n\n\n<p>Com o mensageiro corporativo, voc\u00ea pode trazer a comunica\u00e7\u00e3o com seu paciente para dentro da plataforma, facilitando o relacionamento entre ele e sua cl\u00ednica ou consult\u00f3rio.&nbsp;<\/p>\n\n\n\n<p>Integrado ao WhatsApp, voc\u00ea pode utiliz\u00e1-lo para uma conta ou para v\u00e1rios usu\u00e1rios. Vai muito al\u00e9m de envio de lembretes! \u00c9 uma ferramenta poderosa de fideliza\u00e7\u00e3o.<\/p>\n\n\n\n<p><strong>Saiba o que voc\u00ea pode fazer com o nosso mensageiro:<\/strong><strong><br><\/strong><\/p>\n\n\n\n<ul class=\"wp-block-list\">\n<li>Crie um perfil de neg\u00f3cios que permite o acesso do cliente \u00e0 informa\u00e7\u00f5es da cl\u00ednica\/consult\u00f3rio, como nome, descri\u00e7\u00e3o, geolocaliza\u00e7\u00e3o, site e e-mail;<\/li>\n<\/ul>\n\n\n\n<ul class=\"wp-block-list\">\n<li>Adicione etiquetas aos contatos para identific\u00e1-los. Por exemplo: novo cliente ou pagamento pendente. Assim, todos da equipe ter\u00e3o no\u00e7\u00e3o de como atend\u00ea-los da melhor maneira poss\u00edvel;<\/li>\n<\/ul>\n\n\n\n<ul class=\"wp-block-list\">\n<li>Acompanhe as estat\u00edsticas e fique por dentro dos resultados de seu neg\u00f3cio. Saiba quantas mensagens foram enviadas, entregues ou lidas.<\/li>\n<\/ul>\n\n\n\n<p>Voc\u00ea pode fazer isso tudo atrav\u00e9s de um \u00fanico n\u00famero de WhatsApp e se beneficiar com as consequ\u00eancias que vir\u00e3o atrav\u00e9s de um atendimento com qualidade.&nbsp;<\/p>\n\n\n\n<p><strong>Saiba quais s\u00e3o os benef\u00edcios de ter o Mensageiro Corporativo do Sa\u00fade Vianet:<\/strong><\/p>\n\n\n\n<ul class=\"wp-block-list\">\n<li><strong><em>Agilidade no atendimento:<\/em><\/strong> voc\u00ea pode atender v\u00e1rios contatos de uma vez e reduzir o tempo de atendimento. Al\u00e9m disso, torna tudo mais din\u00e2mico, j\u00e1 que o cliente costuma estar sempre com o celular perto de si. Basta ter acesso \u00e0 internet;<\/li>\n<\/ul>\n\n\n\n<ul class=\"wp-block-list\">\n<li><strong><em>Facilidade de comunica\u00e7\u00e3o:<\/em><\/strong> com as mensagens r\u00e1pidas, o cliente n\u00e3o precisa aguardar que a cl\u00ednica esteja online. Atrav\u00e9s da automatiza\u00e7\u00e3o, voc\u00ea pode responder d\u00favidas sem estar online;<\/li>\n<\/ul>\n\n\n\n<ul class=\"wp-block-list\">\n<li><strong><em>Atendimento individualizado:<\/em><\/strong> com o hist\u00f3rico de mensagens salvo, confira as informa\u00e7\u00f5es necess\u00e1rias para oferecer um atendimento mais tranquilo e humanizado, tornando mais pr\u00f3ximo a rela\u00e7\u00e3o com o paciente;<\/li>\n<\/ul>\n\n\n\n<ul class=\"wp-block-list\">\n<li>Satisfa\u00e7\u00e3o do cliente: um bom atendimento sempre \u00e9 um diferencial na hora do cliente decidir voltar ou n\u00e3o. \u00c9 por isso que deve-se sempre estar atento \u00e0 forma como os seus clientes est\u00e3o sendo atendidos. A comunica\u00e7\u00e3o atrav\u00e9s do WhatsApp traz um atendimento f\u00e1cil, confort\u00e1vel e \u00e1gil.&nbsp;<\/li>\n<\/ul>\n\n\n\n<p>N\u00e3o precisa mais se preocupar em achar uma solu\u00e7\u00e3o para melhorar o atendimento e reduzir tempo. Fa\u00e7a isso com o mensageiro corporativo do Sa\u00fade Vianet.<\/p>\n","protected":false},"excerpt":{"rendered":"<p>se voc\u00ea pudesse se comunicar com o seu paciente de forma f\u00e1cil, r\u00e1pida e segura? Com o mensageiro corporativo, voc\u00ea pode trazer a comunica\u00e7\u00e3o com seu paciente para dentro da plataforma, facilitando o relacionamento entre ele e sua cl\u00ednica ou consult\u00f3rio.&nbsp; Integrado ao WhatsApp, voc\u00ea pode utiliz\u00e1-lo para uma conta ou para v\u00e1rios usu\u00e1rios. Vai &hellip;<\/p>\n","protected":false},"author":3,"featured_media":0,"parent":0,"menu_order":0,"comment_status":"closed","ping_status":"closed","template":"","meta":{"_joinchat":[],"footnotes":""},"class_list":["post-48981","page","type-page","status-publish","hentry"],"_links":{"self":[{"href":"https:\/\/saudevianet.com.br\/blog\/wp-json\/wp\/v2\/pages\/48981","targetHints":{"allow":["GET"]}}],"collection":[{"href":"https:\/\/saudevianet.com.br\/blog\/wp-json\/wp\/v2\/pages"}],"about":[{"href":"https:\/\/saudevianet.com.br\/blog\/wp-json\/wp\/v2\/types\/page"}],"author":[{"embeddable":true,"href":"https:\/\/saudevianet.com.br\/blog\/wp-json\/wp\/v2\/users\/3"}],"replies":[{"embeddable":true,"href":"https:\/\/saudevianet.com.br\/blog\/wp-json\/wp\/v2\/comments?post=48981"}],"version-history":[{"count":5,"href":"https:\/\/saudevianet.com.br\/blog\/wp-json\/wp\/v2\/pages\/48981\/revisions"}],"predecessor-version":[{"id":50383,"href":"https:\/\/saudevianet.com.br\/blog\/wp-json\/wp\/v2\/pages\/48981\/revisions\/50383"}],"wp:attachment":[{"href":"https:\/\/saudevianet.com.br\/blog\/wp-json\/wp\/v2\/media?parent=48981"}],"curies":[{"name":"wp","href":"https:\/\/api.w.org\/{rel}","templated":true}]}}